{"id":529,"date":"2015-04-20T11:50:56","date_gmt":"2015-04-20T11:50:56","guid":{"rendered":"http:\/\/welfare.cmsmasters.net\/?page_id=529"},"modified":"2021-09-17T03:16:17","modified_gmt":"2021-09-17T03:16:17","slug":"about-us","status":"publish","type":"page","link":"https:\/\/metroislandmortgage.com\/es\/about-us\/","title":{"rendered":"Con\u00f3cenos"},"content":{"rendered":"<div id=\"cmsmasters_row_ozpe4adtm\" class=\"cmsmasters_row cmsmasters_color_scheme_first cmsmasters_row_top_default cmsmasters_row_bot_default cmsmasters_row_boxed\">\n<div class=\"cmsmasters_row_outer_parent\">\n<div class=\"cmsmasters_row_overlay\"><\/div>\n<div class=\"cmsmasters_row_outer\">\n<div class=\"cmsmasters_row_inner\">\n<div class=\"cmsmasters_row_margin\">\n<div id=\"cmsmasters_column_cwl1060n77\" class=\"cmsmasters_column one_first\">\n<div class=\"cmsmasters_column_inner\"><div id=\"cmsmasters_heading_3zj4llphx\" class=\"cmsmasters_heading_wrap cmsmasters_heading_align_center\">\n\t<h2 class=\"cmsmasters_heading\">Ofrecemos un servicio personalizado<\/h2>\n<\/div>\n<\/div><\/div>\n<\/div>\n<\/div>\n<\/div>\n<\/div>\n<\/div>\n<div id=\"cmsmasters_row_gm0upe7eb\" class=\"cmsmasters_row cmsmasters_color_scheme_default cmsmasters_row_top_default cmsmasters_row_bot_default cmsmasters_row_boxed\">\n<div class=\"cmsmasters_row_outer_parent\">\n<div class=\"cmsmasters_row_overlay\"><\/div>\n<div class=\"cmsmasters_row_outer\">\n<div class=\"cmsmasters_row_inner\">\n<div class=\"cmsmasters_row_margin\">\n<div id=\"cmsmasters_column_6uek2nimk\" class=\"cmsmasters_column one_fourth\">\n<div class=\"cmsmasters_column_inner\"><div id=\"cmsmasters_heading_wiat43s21p\" class=\"cmsmasters_heading_wrap cmsmasters_heading_align_center\">\n\t<h4 class=\"cmsmasters_heading\">SOMOS REGULADOS<\/h4>\n<\/div><div class=\"cmsmasters_text\">\n<p style=\"text-align: center;\"><span style=\"color: #ffffff;\">Somos una empresa de pr\u00e9stamos hipotecarios regulada por el Comisionado de Instituciones Financieras bajo el n\u00famero de licencia IH-057.<\/span><\/p>\n<\/div>\n<\/div><\/div>\n<div id=\"cmsmasters_column_9u6j730k9\" class=\"cmsmasters_column one_fourth\">\n<div class=\"cmsmasters_column_inner\"><div id=\"cmsmasters_heading_4rxzf4nr2\" class=\"cmsmasters_heading_wrap cmsmasters_heading_align_center\">\n\t<h4 class=\"cmsmasters_heading\">EXPERIENCIA<\/h4>\n<\/div><div class=\"cmsmasters_text\">\n<p style=\"text-align: center;\"><span style=\"color: #ffffff;\">Somos una empresa puramente puertorrique\u00f1a con m\u00e1s de 35 a\u00f1os de experiencia en la industria hipotecaria. <\/span><\/p>\n<\/div>\n<\/div><\/div>\n<div id=\"cmsmasters_column_fqnet7q9oj\" class=\"cmsmasters_column one_fourth\">\n<div class=\"cmsmasters_column_inner\"><div id=\"cmsmasters_heading_qsa5ewwvqh\" class=\"cmsmasters_heading_wrap cmsmasters_heading_align_center\">\n\t<h4 class=\"cmsmasters_heading\">SOMOS COMPETITIVOS<\/h4>\n<\/div><div class=\"cmsmasters_text\">\n<p style=\"text-align: center;\"><span style=\"color: #ffffff;\">Ofrecemos las tasas de inter\u00e9s y costos de cierre m\u00e1s atractivos en todo Puerto Rico.<\/span><\/p>\n<\/div>\n<\/div><\/div>\n<div id=\"cmsmasters_column_ddkeyh4huk\" class=\"cmsmasters_column one_fourth\">\n<div class=\"cmsmasters_column_inner\"><div id=\"cmsmasters_heading_zsptf552j\" class=\"cmsmasters_heading_wrap cmsmasters_heading_align_center\">\n\t<h4 class=\"cmsmasters_heading\">EJECUCION<\/h4>\n<\/div><div class=\"cmsmasters_text\">\n<p style=\"text-align: center;\"><span style=\"color: #ffffff;\">Nos especializamos en un servicio personalizado y capaz de satisfacer las demandas de nuestros clientes.<\/span><\/p>\n<\/div>\n<\/div><\/div>\n<\/div>\n<\/div>\n<\/div>\n<\/div>\n<\/div>\n<div id=\"cmsmasters_row_huronmyz7g\" class=\"cmsmasters_row cmsmasters_color_scheme_default cmsmasters_row_top_default cmsmasters_row_bot_default cmsmasters_row_boxed\">\n<div class=\"cmsmasters_row_outer_parent\">\n<div class=\"cmsmasters_row_outer\">\n<div class=\"cmsmasters_row_inner\">\n<div class=\"cmsmasters_row_margin\">\n<div id=\"cmsmasters_column_x4kpm0zohc\" class=\"cmsmasters_column one_first\">\n<div class=\"cmsmasters_column_inner\"><div id=\"cmsmasters_heading_psouarsk7\" class=\"cmsmasters_heading_wrap cmsmasters_heading_align_center\">\n\t<h2 class=\"cmsmasters_heading\">Nuestros principios fundamentales y misi\u00f3n<\/h2>\n<\/div><div id=\"cmsmasters_fb_4ef72r5z8\" class=\"cmsmasters_featured_block\">\n<div class=\"featured_block_inner\">\n<div class=\"featured_block_text\">\n<h6>Establecer una relaci\u00f3n s\u00f3lida con los clientes, ofreci\u00e9ndoles las mejores alternativas seg\u00fan sus necesidades. Ser emp\u00e1tico con cada cliente. El principal compromiso con nuestros clientes es hacerlos sentir respaldados por un banco que los trata como a un familiar.<\/h6>\n<div><\/div>\n<h6>Nuestra visi\u00f3n siempre ha sido convertirnos y seguir siendo la mejor alternativa de financiamiento hipotecario en Puerto Rico; brindando a nuestros clientes y visitantes un esmerado servicio en las alternativas financieras, que mejor se adapten a las necesidades de su familia. Asegurar que nuestra imagen corporativa, como excelentes proveedores de servicios hipotecarios, quede reflejada en la memoria de nuestros clientes y visitantes; con el prop\u00f3sito de ser referidos a clientes potenciales, como orientaci\u00f3n alternativa y financiamiento hipotecario.<\/h6>\n<h6><\/h6>\n<h6>Esperamos llegar a todos los lugares de la isla para satisfacer las necesidades de nuestros clientes, con el apoyo de profesionales altamente calificados. Que los empleados de nuestra instituci\u00f3n reciban la mejor formaci\u00f3n continua en financiamiento hipotecario, observando as\u00ed un est\u00e1ndar de calidad y transparencia hacia nuestros clientes.<\/h6>\n\n<\/div>\n<\/div>\n<\/div>\n<\/div><\/div>\n<\/div>\n<\/div>\n<\/div>\n<\/div>\n<\/div>\n<div id=\"cmsmasters_row_ha7ykg72d8\" class=\"cmsmasters_row cmsmasters_color_scheme_default cmsmasters_row_top_default cmsmasters_row_bot_default cmsmasters_row_boxed\">\n<div class=\"cmsmasters_row_outer_parent\">\n<div class=\"cmsmasters_row_outer\">\n<div class=\"cmsmasters_row_inner cmsmasters_row_no_margin\">\n<div class=\"cmsmasters_row_margin\">\n<div id=\"cmsmasters_column_4tpvvc7oa\" class=\"cmsmasters_column one_third\">\n<div class=\"cmsmasters_column_inner\"><div id=\"cmsmasters_icon_pkmp7dog4p\" class=\"cmsmasters_icon_wrap\"><span class=\"cmsmasters_simple_icon cmsmasters-icon-custom-hands\"><\/span><span class=\"cmsmasters_simple_icon_title\"><\/span><\/div>\n<div id=\"cmsmasters_fb_wcuno69lh6\" class=\"cmsmasters_featured_block\">\n<div class=\"featured_block_inner\">\n<div class=\"featured_block_text\">\n<div id=\"cmsmasters_heading_wcuno69lh6\" class=\"cmsmasters_heading_wrap cmsmasters_heading_align_center\">\n\t<h4 class=\"cmsmasters_heading\">Complacemos las necesidades de nuestros clientes<\/h4>\n<\/div>\n\n<\/div>\n<\/div>\n<\/div>\n<div id=\"cmsmasters_icon_19q5f6lly\" class=\"cmsmasters_icon_wrap\"><span class=\"cmsmasters_simple_icon cmsmasters-icon-custom-handshake\"><\/span><span class=\"cmsmasters_simple_icon_title\"><\/span><\/div>\n<div id=\"cmsmasters_fb_7ajpapn3rw\" class=\"cmsmasters_featured_block\">\n<div class=\"featured_block_inner\">\n<div class=\"featured_block_text\">\n<div id=\"cmsmasters_heading_7ajpapn3rw\" class=\"cmsmasters_heading_wrap cmsmasters_heading_align_center\">\n\t<h4 class=\"cmsmasters_heading\">Respeto por nuestros clientes<\/h4>\n<\/div>\n\n<\/div>\n<\/div>\n<\/div>\n<\/div><\/div>\n<div id=\"cmsmasters_column_jbtd5s35yo\" class=\"cmsmasters_column one_third\">\n<div class=\"cmsmasters_column_inner\"><div id=\"cmsmasters_icon_o54bd8bt7e\" class=\"cmsmasters_icon_wrap\"><span class=\"cmsmasters_simple_icon cmsmasters-icon-custom-heart\"><\/span><span class=\"cmsmasters_simple_icon_title\"><\/span><\/div>\n<div id=\"cmsmasters_fb_m808kprb4s\" class=\"cmsmasters_featured_block\">\n<div class=\"featured_block_inner\">\n<div class=\"featured_block_text\">\n<div id=\"cmsmasters_heading_m808kprb4s\" class=\"cmsmasters_heading_wrap cmsmasters_heading_align_center\">\n\t<h4 class=\"cmsmasters_heading\">Informaci\u00f3n clara y confiable<\/h4>\n<\/div>\n\n<\/div>\n<\/div>\n<\/div>\n<div id=\"cmsmasters_icon_f47zduccj\" class=\"cmsmasters_icon_wrap\"><span class=\"cmsmasters_simple_icon cmsmasters-icon-custom-key\"><\/span><span class=\"cmsmasters_simple_icon_title\"><\/span><\/div>\n<div id=\"cmsmasters_fb_xszanlc2ng\" class=\"cmsmasters_featured_block\">\n<div class=\"featured_block_inner\">\n<div class=\"featured_block_text\">\n<div id=\"cmsmasters_heading_xszanlc2ng\" class=\"cmsmasters_heading_wrap cmsmasters_heading_align_center\">\n\t<h4 class=\"cmsmasters_heading\">Seguridad y proteccion de los datos de nuestros clientes<\/h4>\n<\/div>\n\n<\/div>\n<\/div>\n<\/div>\n<\/div><\/div>\n<div id=\"cmsmasters_column_xti7vw713r\" class=\"cmsmasters_column one_third\">\n<div class=\"cmsmasters_column_inner\"><div id=\"cmsmasters_icon_10cj5idhs\" class=\"cmsmasters_icon_wrap\"><span class=\"cmsmasters_simple_icon cmsmasters-icon-custom-man\"><\/span><span class=\"cmsmasters_simple_icon_title\"><\/span><\/div>\n<div id=\"cmsmasters_fb_gk6122lwvk\" class=\"cmsmasters_featured_block\">\n<div class=\"featured_block_inner\">\n<div class=\"featured_block_text\">\n<div id=\"cmsmasters_heading_gk6122lwvk\" class=\"cmsmasters_heading_wrap cmsmasters_heading_align_center\">\n\t<h4 class=\"cmsmasters_heading\">El mejor servicio al cliente<\/h4>\n<\/div>\n\n<\/div>\n<\/div>\n<\/div>\n<div id=\"cmsmasters_icon_b2jqxt7mpe\" class=\"cmsmasters_icon_wrap\"><span class=\"cmsmasters_simple_icon cmsmasters-icon-custom-team\"><\/span><span class=\"cmsmasters_simple_icon_title\"><\/span><\/div>\n<div id=\"cmsmasters_fb_vutkb8aqhj\" class=\"cmsmasters_featured_block\">\n<div class=\"featured_block_inner\">\n<div class=\"featured_block_text\">\n<div id=\"cmsmasters_heading_vutkb8aqhj\" class=\"cmsmasters_heading_wrap cmsmasters_heading_align_center\">\n\t<h4 class=\"cmsmasters_heading\">Personal altamente cualificado<\/h4>\n<\/div>\n\n<\/div>\n<\/div>\n<\/div>\n<\/div><\/div>\n<\/div>\n<\/div>\n<\/div>\n<\/div>\n<\/div>\n<div id=\"cmsmasters_row_12luso5ry\" class=\"cmsmasters_row cmsmasters_color_scheme_default cmsmasters_row_top_default cmsmasters_row_bot_default cmsmasters_row_fullwidth\">\n<div class=\"cmsmasters_row_outer_parent\">\n<div class=\"cmsmasters_row_outer\">\n<div class=\"cmsmasters_row_inner cmsmasters_row_fullwidth\">\n<div class=\"cmsmasters_row_margin\">\n<div id=\"cmsmasters_column_2gpeuccsv\" class=\"cmsmasters_column one_first\">\n<div class=\"cmsmasters_column_inner\">\n<div id=\"cmsmasters_divider_1ih5905ge\" class=\"cmsmasters_divider cmsmasters_divider_width_long cmsmasters_divider_pos_center\"><\/div>\n<\/div><\/div>\n<\/div>\n<\/div>\n<\/div>\n<\/div>\n<\/div>\n<div id=\"cmsmasters_row_j1u1ktdi4j\" class=\"cmsmasters_row cmsmasters_color_scheme_default cmsmasters_row_top_default cmsmasters_row_bot_default cmsmasters_row_fullwidth\">\n<div class=\"cmsmasters_row_outer_parent\">\n<div class=\"cmsmasters_row_outer\">\n<div class=\"cmsmasters_row_inner cmsmasters_row_fullwidth cmsmasters_row_no_margin\">\n<div class=\"cmsmasters_row_margin cmsmasters_row_columns_behavior\">\n<div id=\"cmsmasters_column_n4k8vcg8op\" class=\"cmsmasters_column one_half\">\n<div class=\"cmsmasters_column_inner\"><div id=\"cmsmasters_heading_ib6fdfh4ud\" class=\"cmsmasters_heading_wrap cmsmasters_heading_align_left\">\n\t<h2 class=\"cmsmasters_heading\">Empleos Disponibles<\/h2>\n<\/div><div class=\"cmsmasters_text\">\n<div id=\"cmsmasters_heading_qa1i5b81pd\" class=\"cmsmasters_heading_wrap cmsmasters_heading_align_left\">\n\t<h4 class=\"cmsmasters_heading\">Originador de pr\u00e9stamos hipotecarios<\/h4>\n<\/div>San Juan, PR<br \/>\n<div id=\"cmsmasters_divider_qa1i5b81pd\" class=\"cl\"><\/div><div id=\"cmsmasters_heading_qa1i5b81pd\" class=\"cmsmasters_heading_wrap cmsmasters_heading_align_left\">\n\t<h4 class=\"cmsmasters_heading\">Originador de pr\u00e9stamos hipotecarios<\/h4>\n<\/div>San Juan, PR<br \/>\n<div id=\"cmsmasters_divider_qa1i5b81pd\" class=\"cl\"><\/div><div id=\"cmsmasters_heading_qa1i5b81pd\" class=\"cmsmasters_heading_wrap cmsmasters_heading_align_left\">\n\t<h4 class=\"cmsmasters_heading\">Control de Calidad<\/h4>\n<\/div>San Juan, PR<br \/>\n<div id=\"cmsmasters_divider_qa1i5b81pd\" class=\"cl\"><\/div><div id=\"cmsmasters_heading_qa1i5b81pd\" class=\"cmsmasters_heading_wrap cmsmasters_heading_align_left\">\n\t<h4 class=\"cmsmasters_heading\">Contabilidad<\/h4>\n<\/div>San Juan, PR<br \/>\n<div id=\"cmsmasters_divider_qa1i5b81pd\" class=\"cl\"><\/div><div id=\"cmsmasters_heading_qa1i5b81pd\" class=\"cmsmasters_heading_wrap cmsmasters_heading_align_left\">\n\t<h4 class=\"cmsmasters_heading\">Interns<\/h4>\n<\/div>San Juan, PR<\/p>\n<\/div>\n<div id=\"cmsmasters_divider_teqnhal7l4\" class=\"cl\"><\/div>\n<div id=\"cmsmasters_button_9us59wqqjp\" class=\"button_wrap\"><a href=\"http:\/\/metroislandmortgage.com\/es\/profile\/janette-ramos\/\" class=\"cmsmasters_button\"><span>Contact\u00e9nos<\/span><\/a><\/div>\n<\/div><\/div>\n<div id=\"cmsmasters_column_hsftz3lvvg\" class=\"cmsmasters_column one_half\">\n<div class=\"cmsmasters_column_inner\"><div id=\"cmsmasters_fb_b8ue0uor9r\" class=\"cmsmasters_featured_block\">\n<div class=\"featured_block_inner\">\n<div class=\"featured_block_text\"><\/div>\n<\/div>\n<\/div>\n<\/div><\/div>\n<\/div>\n<\/div>\n<\/div>\n<\/div>\n<\/div>\n<div id=\"cmsmasters_row_poqliaphkh\" class=\"cmsmasters_row cmsmasters_color_scheme_default cmsmasters_row_top_default cmsmasters_row_bot_default cmsmasters_row_fullwidth\">\n<div class=\"cmsmasters_row_outer_parent\">\n<div class=\"cmsmasters_row_outer\">\n<div class=\"cmsmasters_row_inner cmsmasters_row_fullwidth\">\n<div class=\"cmsmasters_row_margin\">\n<div id=\"cmsmasters_column_uajvpoemcc\" class=\"cmsmasters_column one_first\">\n<div class=\"cmsmasters_column_inner\">\n<div id=\"cmsmasters_divider_3lzt1e3xje\" class=\"cmsmasters_divider cmsmasters_divider_width_long cmsmasters_divider_pos_center\"><\/div>\n<\/div><\/div>\n<\/div>\n<\/div>\n<\/div>\n<\/div>\n<\/div>","protected":false},"excerpt":{"rendered":"","protected":false},"author":2,"featured_media":0,"parent":0,"menu_order":0,"comment_status":"closed","ping_status":"closed","template":"","meta":{"_coblocks_attr":"","_coblocks_dimensions":"","_coblocks_responsive_height":"","_coblocks_accordion_ie_support":""},"yoast_head":"<!-- This site is optimized with the Yoast SEO plugin v19.0 - https:\/\/yoast.com\/wordpress\/plugins\/seo\/ -->\n<title>About Us - Metro Island Mortgage<\/title>\n<meta name=\"robots\" content=\"index, follow, max-snippet:-1, max-image-preview:large, max-video-preview:-1\" \/>\n<link rel=\"canonical\" href=\"https:\/\/metroislandmortgage.com\/es\/about-us\/\" \/>\n<meta property=\"og:locale\" content=\"es_ES\" \/>\n<meta property=\"og:type\" content=\"article\" \/>\n<meta property=\"og:title\" content=\"About Us - Metro Island Mortgage\" \/>\n<meta property=\"og:url\" content=\"https:\/\/metroislandmortgage.com\/es\/about-us\/\" \/>\n<meta property=\"og:site_name\" content=\"Metro Island Mortgage\" \/>\n<meta property=\"article:publisher\" content=\"https:\/\/www.facebook.com\/metroislandmortgageinc\" \/>\n<meta property=\"article:modified_time\" content=\"2021-09-17T03:16:17+00:00\" \/>\n<meta name=\"twitter:card\" content=\"summary_large_image\" \/>\n<meta name=\"twitter:site\" content=\"@Metroisla\" \/>\n<meta name=\"twitter:label1\" content=\"Est. reading time\" \/>\n\t<meta name=\"twitter:data1\" content=\"4 minutos\" \/>\n<script type=\"application\/ld+json\" class=\"yoast-schema-graph\">{\"@context\":\"https:\/\/schema.org\",\"@graph\":[{\"@type\":\"Organization\",\"@id\":\"https:\/\/metroislandmortgage.com\/#organization\",\"name\":\"Metro Island Mortgage, Inc.\",\"url\":\"https:\/\/metroislandmortgage.com\/\",\"sameAs\":[\"https:\/\/www.instagram.com\/metroislandmortgageofficial\/\",\"https:\/\/www.linkedin.com\/company\/75031968\/admin\/\",\"https:\/\/www.facebook.com\/metroislandmortgageinc\",\"https:\/\/twitter.com\/Metroisla\"],\"logo\":{\"@type\":\"ImageObject\",\"inLanguage\":\"es\",\"@id\":\"https:\/\/metroislandmortgage.com\/#\/schema\/logo\/image\/\",\"url\":\"https:\/\/metroislandmortgage.com\/wp-content\/uploads\/2022\/01\/Logo-Metro-Island-Mortgage-Inc._jpg.jpg\",\"contentUrl\":\"https:\/\/metroislandmortgage.com\/wp-content\/uploads\/2022\/01\/Logo-Metro-Island-Mortgage-Inc._jpg.jpg\",\"width\":1650,\"height\":660,\"caption\":\"Metro Island Mortgage, Inc.\"},\"image\":{\"@id\":\"https:\/\/metroislandmortgage.com\/#\/schema\/logo\/image\/\"}},{\"@type\":\"WebSite\",\"@id\":\"https:\/\/metroislandmortgage.com\/#website\",\"url\":\"https:\/\/metroislandmortgage.com\/\",\"name\":\"Metro Island Mortgage\",\"description\":\"\",\"publisher\":{\"@id\":\"https:\/\/metroislandmortgage.com\/#organization\"},\"potentialAction\":[{\"@type\":\"SearchAction\",\"target\":{\"@type\":\"EntryPoint\",\"urlTemplate\":\"https:\/\/metroislandmortgage.com\/?s={search_term_string}\"},\"query-input\":\"required name=search_term_string\"}],\"inLanguage\":\"es\"},{\"@type\":\"WebPage\",\"@id\":\"https:\/\/metroislandmortgage.com\/about-us\/#webpage\",\"url\":\"https:\/\/metroislandmortgage.com\/about-us\/\",\"name\":\"About Us - Metro Island Mortgage\",\"isPartOf\":{\"@id\":\"https:\/\/metroislandmortgage.com\/#website\"},\"datePublished\":\"2015-04-20T11:50:56+00:00\",\"dateModified\":\"2021-09-17T03:16:17+00:00\",\"breadcrumb\":{\"@id\":\"https:\/\/metroislandmortgage.com\/about-us\/#breadcrumb\"},\"inLanguage\":\"es\",\"potentialAction\":[{\"@type\":\"ReadAction\",\"target\":[\"https:\/\/metroislandmortgage.com\/about-us\/\"]}]},{\"@type\":\"BreadcrumbList\",\"@id\":\"https:\/\/metroislandmortgage.com\/about-us\/#breadcrumb\",\"itemListElement\":[{\"@type\":\"ListItem\",\"position\":1,\"name\":\"About Us\"}]}]}<\/script>\n<!-- \/ Yoast SEO plugin. -->","yoast_head_json":{"title":"About Us - Metro Island Mortgage","robots":{"index":"index","follow":"follow","max-snippet":"max-snippet:-1","max-image-preview":"max-image-preview:large","max-video-preview":"max-video-preview:-1"},"canonical":"https:\/\/metroislandmortgage.com\/es\/about-us\/","og_locale":"es_ES","og_type":"article","og_title":"About Us - Metro Island Mortgage","og_url":"https:\/\/metroislandmortgage.com\/es\/about-us\/","og_site_name":"Metro Island Mortgage","article_publisher":"https:\/\/www.facebook.com\/metroislandmortgageinc","article_modified_time":"2021-09-17T03:16:17+00:00","twitter_card":"summary_large_image","twitter_site":"@Metroisla","twitter_misc":{"Est. reading time":"4 minutos"},"schema":{"@context":"https:\/\/schema.org","@graph":[{"@type":"Organization","@id":"https:\/\/metroislandmortgage.com\/#organization","name":"Metro Island Mortgage, Inc.","url":"https:\/\/metroislandmortgage.com\/","sameAs":["https:\/\/www.instagram.com\/metroislandmortgageofficial\/","https:\/\/www.linkedin.com\/company\/75031968\/admin\/","https:\/\/www.facebook.com\/metroislandmortgageinc","https:\/\/twitter.com\/Metroisla"],"logo":{"@type":"ImageObject","inLanguage":"es","@id":"https:\/\/metroislandmortgage.com\/#\/schema\/logo\/image\/","url":"https:\/\/metroislandmortgage.com\/wp-content\/uploads\/2022\/01\/Logo-Metro-Island-Mortgage-Inc._jpg.jpg","contentUrl":"https:\/\/metroislandmortgage.com\/wp-content\/uploads\/2022\/01\/Logo-Metro-Island-Mortgage-Inc._jpg.jpg","width":1650,"height":660,"caption":"Metro Island Mortgage, Inc."},"image":{"@id":"https:\/\/metroislandmortgage.com\/#\/schema\/logo\/image\/"}},{"@type":"WebSite","@id":"https:\/\/metroislandmortgage.com\/#website","url":"https:\/\/metroislandmortgage.com\/","name":"Metro Island Mortgage","description":"","publisher":{"@id":"https:\/\/metroislandmortgage.com\/#organization"},"potentialAction":[{"@type":"SearchAction","target":{"@type":"EntryPoint","urlTemplate":"https:\/\/metroislandmortgage.com\/?s={search_term_string}"},"query-input":"required name=search_term_string"}],"inLanguage":"es"},{"@type":"WebPage","@id":"https:\/\/metroislandmortgage.com\/about-us\/#webpage","url":"https:\/\/metroislandmortgage.com\/about-us\/","name":"About Us - Metro Island Mortgage","isPartOf":{"@id":"https:\/\/metroislandmortgage.com\/#website"},"datePublished":"2015-04-20T11:50:56+00:00","dateModified":"2021-09-17T03:16:17+00:00","breadcrumb":{"@id":"https:\/\/metroislandmortgage.com\/about-us\/#breadcrumb"},"inLanguage":"es","potentialAction":[{"@type":"ReadAction","target":["https:\/\/metroislandmortgage.com\/about-us\/"]}]},{"@type":"BreadcrumbList","@id":"https:\/\/metroislandmortgage.com\/about-us\/#breadcrumb","itemListElement":[{"@type":"ListItem","position":1,"name":"About Us"}]}]}},"_links":{"self":[{"href":"https:\/\/metroislandmortgage.com\/es\/wp-json\/wp\/v2\/pages\/529"}],"collection":[{"href":"https:\/\/metroislandmortgage.com\/es\/wp-json\/wp\/v2\/pages"}],"about":[{"href":"https:\/\/metroislandmortgage.com\/es\/wp-json\/wp\/v2\/types\/page"}],"author":[{"embeddable":true,"href":"https:\/\/metroislandmortgage.com\/es\/wp-json\/wp\/v2\/users\/2"}],"replies":[{"embeddable":true,"href":"https:\/\/metroislandmortgage.com\/es\/wp-json\/wp\/v2\/comments?post=529"}],"version-history":[{"count":41,"href":"https:\/\/metroislandmortgage.com\/es\/wp-json\/wp\/v2\/pages\/529\/revisions"}],"predecessor-version":[{"id":15131,"href":"https:\/\/metroislandmortgage.com\/es\/wp-json\/wp\/v2\/pages\/529\/revisions\/15131"}],"wp:attachment":[{"href":"https:\/\/metroislandmortgage.com\/es\/wp-json\/wp\/v2\/media?parent=529"}],"curies":[{"name":"wp","href":"https:\/\/api.w.org\/{rel}","templated":true}]}}